{"id":1144,"date":"2024-05-02T09:42:57","date_gmt":"2024-05-02T07:42:57","guid":{"rendered":"https:\/\/recobat06.fr\/?page_id=1144"},"modified":"2024-05-02T09:48:16","modified_gmt":"2024-05-02T07:48:16","slug":"plan-de-site","status":"publish","type":"page","link":"https:\/\/recobat06.fr\/fr\/plan-de-site\/","title":{"rendered":"Plan de site"},"content":{"rendered":"\t\t<div data-elementor-type=\"wp-page\" data-elementor-id=\"1144\" class=\"elementor elementor-1144\" data-elementor-post-type=\"page\">\n\t\t\t\t\t\t<section class=\"elementor-section elementor-top-section elementor-element elementor-element-713cb642 elementor-section-content-middle elementor-section-boxed elementor-section-height-default elementor-section-height-default\" data-id=\"713cb642\" data-element_type=\"section\" data-e-type=\"section\" data-settings=\"{&quot;background_background&quot;:&quot;classic&quot;}\">\n\t\t\t\t\t\t\t<div class=\"elementor-background-overlay\"><\/div>\n\t\t\t\t\t\t\t<div class=\"elementor-container elementor-column-gap-no\">\n\t\t\t\t\t<div class=\"elementor-column elementor-col-100 elementor-top-column elementor-element elementor-element-4f4351cb\" data-id=\"4f4351cb\" data-element_type=\"column\" data-e-type=\"column\">\n\t\t\t<div class=\"elementor-widget-wrap elementor-element-populated\">\n\t\t\t\t\t\t<div class=\"elementor-element elementor-element-2a9ff29 elementor-widget elementor-widget-heading\" data-id=\"2a9ff29\" data-element_type=\"widget\" data-e-type=\"widget\" data-widget_type=\"heading.default\">\n\t\t\t\t<div class=\"elementor-widget-container\">\n\t\t\t\t\t<h2 class=\"elementor-heading-title elementor-size-default\">Plan de site<\/h2>\t\t\t\t<\/div>\n\t\t\t\t<\/div>\n\t\t\t\t\t<\/div>\n\t\t<\/div>\n\t\t\t\t\t<\/div>\n\t\t<\/section>\n\t\t<div class=\"elementor-element elementor-element-3c68631 e-flex e-con-boxed e-con e-parent\" data-id=\"3c68631\" data-element_type=\"container\" data-e-type=\"container\">\n\t\t\t\t\t<div class=\"e-con-inner\">\n\t\t\t\t<div class=\"elementor-element elementor-element-201a5f5 elementor-widget elementor-widget-sitemap\" data-id=\"201a5f5\" data-element_type=\"widget\" data-e-type=\"widget\" data-widget_type=\"sitemap.default\">\n\t\t\t\t<div class=\"elementor-widget-container\">\n\t\t\t\t\t<div class=\"elementor-sitemap-wrap\"><div class=\"elementor-sitemap-section\"><h2 class=\"elementor-sitemap-title elementor-sitemap-page-title\">Pages<\/h2><ul class=\"elementor-sitemap-list elementor-sitemap-page-list\"><li class=\"elementor-sitemap-item elementor-sitemap-item-page page_item page-item-1144\"><a href=\"https:\/\/recobat06.fr\/fr\/plan-de-site\/\">Plan de site<\/a><\/li><li class=\"elementor-sitemap-item elementor-sitemap-item-page page_item page-item-1143\"><a href=\"https:\/\/recobat06.fr\/fr\/carrelage-pres-de-grasse\/\">Carrelage pr\u00e8s de Grasse<\/a><\/li><li class=\"elementor-sitemap-item elementor-sitemap-item-page page_item page-item-1142\"><a href=\"https:\/\/recobat06.fr\/fr\/carrelage-pres-de-frejus\/\">Carrelage pr\u00e8s de Fr\u00e9jus<\/a><\/li><li class=\"elementor-sitemap-item elementor-sitemap-item-page page_item page-item-1141\"><a href=\"https:\/\/recobat06.fr\/fr\/carrelage-pres-de-sainte-maxime\/\">Carrelage pr\u00e8s de Sainte-Maxime<\/a><\/li><li class=\"elementor-sitemap-item elementor-sitemap-item-page page_item page-item-1140\"><a href=\"https:\/\/recobat06.fr\/fr\/carrelage-pres-de-mougins\/\">Carrelage pr\u00e8s de Mougins<\/a><\/li><li class=\"elementor-sitemap-item elementor-sitemap-item-page page_item page-item-1139\"><a href=\"https:\/\/recobat06.fr\/fr\/carrelage-pres-de-biot\/\">Carrelage pr\u00e8s de Biot<\/a><\/li><li class=\"elementor-sitemap-item elementor-sitemap-item-page page_item page-item-1138\"><a href=\"https:\/\/recobat06.fr\/fr\/carrelage-pres-de-menton\/\">Carrelage pr\u00e8s de Menton<\/a><\/li><li class=\"elementor-sitemap-item elementor-sitemap-item-page page_item page-item-1137\"><a href=\"https:\/\/recobat06.fr\/fr\/carrelage-pres-de-nice\/\">Carrelage pr\u00e8s de Nice<\/a><\/li><li class=\"elementor-sitemap-item elementor-sitemap-item-page page_item page-item-1136\"><a href=\"https:\/\/recobat06.fr\/fr\/carrelage-pres-de-saint-laurent-du-var\/\">Carrelage pr\u00e8s de Saint-Laurent-du-Var<\/a><\/li><li class=\"elementor-sitemap-item elementor-sitemap-item-page page_item page-item-1135\"><a href=\"https:\/\/recobat06.fr\/fr\/carrelage-pres-de-villeneuve-loubet\/\">Carrelage pr\u00e8s de Villeneuve-Loubet<\/a><\/li><li class=\"elementor-sitemap-item elementor-sitemap-item-page page_item page-item-1134\"><a href=\"https:\/\/recobat06.fr\/fr\/carrelage-pres-de-antibes\/\">Carrelage pr\u00e8s de Antibes<\/a><\/li><li class=\"elementor-sitemap-item elementor-sitemap-item-page page_item page-item-1133\"><a href=\"https:\/\/recobat06.fr\/fr\/electricite-pres-de-grasse\/\">\u00c9lectricit\u00e9 pr\u00e8s de Grasse<\/a><\/li><li class=\"elementor-sitemap-item elementor-sitemap-item-page page_item page-item-1132\"><a href=\"https:\/\/recobat06.fr\/fr\/electricite-pres-de-frejus\/\">\u00c9lectricit\u00e9 pr\u00e8s de Fr\u00e9jus<\/a><\/li><li class=\"elementor-sitemap-item elementor-sitemap-item-page page_item page-item-1131\"><a href=\"https:\/\/recobat06.fr\/fr\/electricite-pres-de-sainte-maxime\/\">\u00c9lectricit\u00e9 pr\u00e8s de Sainte-Maxime<\/a><\/li><li class=\"elementor-sitemap-item elementor-sitemap-item-page page_item page-item-1130\"><a href=\"https:\/\/recobat06.fr\/fr\/electricite-pres-de-mougins\/\">\u00c9lectricit\u00e9 pr\u00e8s de Mougins<\/a><\/li><li class=\"elementor-sitemap-item elementor-sitemap-item-page page_item page-item-1129\"><a href=\"https:\/\/recobat06.fr\/fr\/electricite-pres-de-biot\/\">\u00c9lectricit\u00e9 pr\u00e8s de Biot<\/a><\/li><li class=\"elementor-sitemap-item elementor-sitemap-item-page page_item page-item-1128\"><a href=\"https:\/\/recobat06.fr\/fr\/electricite-pres-de-menton\/\">\u00c9lectricit\u00e9 pr\u00e8s de Menton<\/a><\/li><li class=\"elementor-sitemap-item elementor-sitemap-item-page page_item page-item-1127\"><a href=\"https:\/\/recobat06.fr\/fr\/electricite-pres-de-nice\/\">\u00c9lectricit\u00e9 pr\u00e8s de Nice<\/a><\/li><li class=\"elementor-sitemap-item elementor-sitemap-item-page page_item page-item-1126\"><a href=\"https:\/\/recobat06.fr\/fr\/electricite-pres-de-saint-laurent-du-var\/\">\u00c9lectricit\u00e9 pr\u00e8s de Saint-Laurent-du-Var<\/a><\/li><li class=\"elementor-sitemap-item elementor-sitemap-item-page page_item page-item-1125\"><a href=\"https:\/\/recobat06.fr\/fr\/electricite-pres-de-villeneuve-loubet\/\">\u00c9lectricit\u00e9 pr\u00e8s de Villeneuve-Loubet<\/a><\/li><li class=\"elementor-sitemap-item elementor-sitemap-item-page page_item page-item-1124\"><a href=\"https:\/\/recobat06.fr\/fr\/electricite-pres-de-antibes\/\">\u00c9lectricit\u00e9 pr\u00e8s de Antibes<\/a><\/li><li class=\"elementor-sitemap-item elementor-sitemap-item-page page_item page-item-1123\"><a href=\"https:\/\/recobat06.fr\/fr\/plomberie-pres-de-grasse\/\">Plomberie pr\u00e8s de Grasse<\/a><\/li><li class=\"elementor-sitemap-item elementor-sitemap-item-page page_item page-item-1122\"><a href=\"https:\/\/recobat06.fr\/fr\/plomberie-pres-de-frejus\/\">Plomberie pr\u00e8s de Fr\u00e9jus<\/a><\/li><li class=\"elementor-sitemap-item elementor-sitemap-item-page page_item page-item-1121\"><a href=\"https:\/\/recobat06.fr\/fr\/plomberie-pres-de-sainte-maxime\/\">Plomberie pr\u00e8s de Sainte-Maxime<\/a><\/li><li class=\"elementor-sitemap-item elementor-sitemap-item-page page_item page-item-1120\"><a href=\"https:\/\/recobat06.fr\/fr\/plomberie-pres-de-mougins\/\">Plomberie pr\u00e8s de Mougins<\/a><\/li><li class=\"elementor-sitemap-item elementor-sitemap-item-page page_item page-item-1119\"><a href=\"https:\/\/recobat06.fr\/fr\/plomberie-pres-de-biot\/\">Plomberie pr\u00e8s de Biot<\/a><\/li><li class=\"elementor-sitemap-item elementor-sitemap-item-page page_item page-item-1118\"><a href=\"https:\/\/recobat06.fr\/fr\/plomberie-pres-de-menton\/\">Plomberie pr\u00e8s de Menton<\/a><\/li><li class=\"elementor-sitemap-item elementor-sitemap-item-page page_item page-item-1117\"><a href=\"https:\/\/recobat06.fr\/fr\/plomberie-pres-de-nice\/\">Plomberie pr\u00e8s de Nice<\/a><\/li><li class=\"elementor-sitemap-item elementor-sitemap-item-page page_item page-item-1116\"><a href=\"https:\/\/recobat06.fr\/fr\/plomberie-pres-de-saint-laurent-du-var\/\">Plomberie pr\u00e8s de Saint-Laurent-du-Var<\/a><\/li><li class=\"elementor-sitemap-item elementor-sitemap-item-page page_item page-item-1115\"><a href=\"https:\/\/recobat06.fr\/fr\/plomberie-pres-de-villeneuve-loubet\/\">Plomberie pr\u00e8s de Villeneuve-Loubet<\/a><\/li><li class=\"elementor-sitemap-item elementor-sitemap-item-page page_item page-item-1114\"><a href=\"https:\/\/recobat06.fr\/fr\/plomberie-pres-de-antibes\/\">Plomberie pr\u00e8s de Antibes<\/a><\/li><li class=\"elementor-sitemap-item elementor-sitemap-item-page page_item page-item-1113\"><a href=\"https:\/\/recobat06.fr\/fr\/travaux-tous-corps-detat-pres-de-grasse\/\">Travaux tous corps d&rsquo;\u00e9tat pr\u00e8s de Grasse<\/a><\/li><li class=\"elementor-sitemap-item elementor-sitemap-item-page page_item page-item-1112\"><a href=\"https:\/\/recobat06.fr\/fr\/travaux-tous-corps-detat-pres-de-frejus\/\">Travaux tous corps d&rsquo;\u00e9tat pr\u00e8s de Fr\u00e9jus<\/a><\/li><li class=\"elementor-sitemap-item elementor-sitemap-item-page page_item page-item-1111\"><a href=\"https:\/\/recobat06.fr\/fr\/travaux-tous-corps-detat-pres-de-sainte-maxime\/\">Travaux tous corps d&rsquo;\u00e9tat pr\u00e8s de Sainte-Maxime<\/a><\/li><li class=\"elementor-sitemap-item elementor-sitemap-item-page page_item page-item-1110\"><a href=\"https:\/\/recobat06.fr\/fr\/travaux-tous-corps-detat-pres-de-mougins\/\">Travaux tous corps d&rsquo;\u00e9tat pr\u00e8s de Mougins<\/a><\/li><li class=\"elementor-sitemap-item elementor-sitemap-item-page page_item page-item-1109\"><a href=\"https:\/\/recobat06.fr\/fr\/travaux-tous-corps-detat-pres-de-biot\/\">Travaux tous corps d&rsquo;\u00e9tat pr\u00e8s de Biot<\/a><\/li><li class=\"elementor-sitemap-item elementor-sitemap-item-page page_item page-item-1108\"><a href=\"https:\/\/recobat06.fr\/fr\/travaux-tous-corps-detat-pres-de-menton\/\">Travaux tous corps d&rsquo;\u00e9tat pr\u00e8s de Menton<\/a><\/li><li class=\"elementor-sitemap-item elementor-sitemap-item-page page_item page-item-1107\"><a href=\"https:\/\/recobat06.fr\/fr\/travaux-tous-corps-detat-pres-de-nice\/\">Travaux tous corps d&rsquo;\u00e9tat pr\u00e8s de Nice<\/a><\/li><li class=\"elementor-sitemap-item elementor-sitemap-item-page page_item page-item-1106\"><a href=\"https:\/\/recobat06.fr\/fr\/travaux-tous-corps-detat-pres-de-saint-laurent-du-var\/\">Travaux tous corps d&rsquo;\u00e9tat pr\u00e8s de Saint-Laurent-du-Var<\/a><\/li><li class=\"elementor-sitemap-item elementor-sitemap-item-page page_item page-item-1105\"><a href=\"https:\/\/recobat06.fr\/fr\/travaux-tous-corps-detat-pres-de-villeneuve-loubet\/\">Travaux tous corps d&rsquo;\u00e9tat pr\u00e8s de Villeneuve-Loubet<\/a><\/li><li class=\"elementor-sitemap-item elementor-sitemap-item-page page_item page-item-1104\"><a href=\"https:\/\/recobat06.fr\/fr\/travaux-tous-corps-detat-pres-de-antibes\/\">Travaux tous corps d&rsquo;\u00e9tat pr\u00e8s de Antibes<\/a><\/li><li class=\"elementor-sitemap-item elementor-sitemap-item-page page_item page-item-1103\"><a href=\"https:\/\/recobat06.fr\/fr\/enduit-a-la-chaux-pres-de-grasse\/\">Enduit \u00e0 la chaux pr\u00e8s de Grasse<\/a><\/li><li class=\"elementor-sitemap-item elementor-sitemap-item-page page_item page-item-1102\"><a href=\"https:\/\/recobat06.fr\/fr\/enduit-a-la-chaux-pres-de-frejus\/\">Enduit \u00e0 la chaux pr\u00e8s de Fr\u00e9jus<\/a><\/li><li class=\"elementor-sitemap-item elementor-sitemap-item-page page_item page-item-1101\"><a href=\"https:\/\/recobat06.fr\/fr\/enduit-a-la-chaux-pres-de-sainte-maxime\/\">Enduit \u00e0 la chaux pr\u00e8s de Sainte-Maxime<\/a><\/li><li class=\"elementor-sitemap-item elementor-sitemap-item-page page_item page-item-1100\"><a href=\"https:\/\/recobat06.fr\/fr\/enduit-a-la-chaux-pres-de-mougins\/\">Enduit \u00e0 la chaux pr\u00e8s de Mougins<\/a><\/li><li class=\"elementor-sitemap-item elementor-sitemap-item-page page_item page-item-1099\"><a href=\"https:\/\/recobat06.fr\/fr\/enduit-a-la-chaux-pres-de-biot\/\">Enduit \u00e0 la chaux pr\u00e8s de Biot<\/a><\/li><li class=\"elementor-sitemap-item elementor-sitemap-item-page page_item page-item-1098\"><a href=\"https:\/\/recobat06.fr\/fr\/enduit-a-la-chaux-pres-de-menton\/\">Enduit \u00e0 la chaux pr\u00e8s de Menton<\/a><\/li><li class=\"elementor-sitemap-item elementor-sitemap-item-page page_item page-item-1097\"><a href=\"https:\/\/recobat06.fr\/fr\/enduit-a-la-chaux-pres-de-nice\/\">Enduit \u00e0 la chaux pr\u00e8s de Nice<\/a><\/li><li class=\"elementor-sitemap-item elementor-sitemap-item-page page_item page-item-1096\"><a href=\"https:\/\/recobat06.fr\/fr\/enduit-a-la-chaux-pres-de-saint-laurent-du-var\/\">Enduit \u00e0 la chaux pr\u00e8s de Saint-Laurent-du-Var<\/a><\/li><li class=\"elementor-sitemap-item elementor-sitemap-item-page page_item page-item-1095\"><a href=\"https:\/\/recobat06.fr\/fr\/enduit-a-la-chaux-pres-de-villeneuve-loubet\/\">Enduit \u00e0 la chaux pr\u00e8s de Villeneuve-Loubet<\/a><\/li><li class=\"elementor-sitemap-item elementor-sitemap-item-page page_item page-item-1094\"><a href=\"https:\/\/recobat06.fr\/fr\/enduit-a-la-chaux-pres-de-antibes\/\">Enduit \u00e0 la chaux pr\u00e8s de Antibes<\/a><\/li><li class=\"elementor-sitemap-item elementor-sitemap-item-page page_item page-item-1093\"><a href=\"https:\/\/recobat06.fr\/fr\/peinture-exterieur-pres-de-grasse\/\">Peinture ext\u00e9rieur pr\u00e8s de Grasse<\/a><\/li><li class=\"elementor-sitemap-item elementor-sitemap-item-page page_item page-item-1092\"><a href=\"https:\/\/recobat06.fr\/fr\/peinture-exterieur-pres-de-frejus\/\">Peinture ext\u00e9rieur pr\u00e8s de Fr\u00e9jus<\/a><\/li><li class=\"elementor-sitemap-item elementor-sitemap-item-page page_item page-item-1091\"><a href=\"https:\/\/recobat06.fr\/fr\/peinture-exterieur-pres-de-sainte-maxime\/\">Peinture ext\u00e9rieur pr\u00e8s de Sainte-Maxime<\/a><\/li><li class=\"elementor-sitemap-item elementor-sitemap-item-page page_item page-item-1090\"><a href=\"https:\/\/recobat06.fr\/fr\/peinture-exterieur-pres-de-mougins\/\">Peinture ext\u00e9rieur pr\u00e8s de Mougins<\/a><\/li><li class=\"elementor-sitemap-item elementor-sitemap-item-page page_item page-item-1089\"><a href=\"https:\/\/recobat06.fr\/fr\/peinture-exterieur-pres-de-biot\/\">Peinture ext\u00e9rieur pr\u00e8s de Biot<\/a><\/li><li class=\"elementor-sitemap-item elementor-sitemap-item-page page_item page-item-1088\"><a href=\"https:\/\/recobat06.fr\/fr\/peinture-exterieur-pres-de-menton\/\">Peinture ext\u00e9rieur pr\u00e8s de Menton<\/a><\/li><li class=\"elementor-sitemap-item elementor-sitemap-item-page page_item page-item-1087\"><a href=\"https:\/\/recobat06.fr\/fr\/peinture-exterieur-pres-de-nice\/\">Peinture ext\u00e9rieur pr\u00e8s de Nice<\/a><\/li><li class=\"elementor-sitemap-item elementor-sitemap-item-page page_item page-item-1086\"><a href=\"https:\/\/recobat06.fr\/fr\/peinture-exterieur-pres-de-saint-laurent-du-var\/\">Peinture ext\u00e9rieur pr\u00e8s de Saint-Laurent-du-Var<\/a><\/li><li class=\"elementor-sitemap-item elementor-sitemap-item-page page_item page-item-1085\"><a href=\"https:\/\/recobat06.fr\/fr\/peinture-exterieur-pres-de-villeneuve-loubet\/\">Peinture ext\u00e9rieur pr\u00e8s de Villeneuve-Loubet<\/a><\/li><li class=\"elementor-sitemap-item elementor-sitemap-item-page page_item page-item-1084\"><a href=\"https:\/\/recobat06.fr\/fr\/peinture-exterieur-pres-de-antibes\/\">Peinture ext\u00e9rieur pr\u00e8s de Antibes<\/a><\/li><li class=\"elementor-sitemap-item elementor-sitemap-item-page page_item page-item-1083\"><a href=\"https:\/\/recobat06.fr\/fr\/peinture-interieur-pres-de-grasse\/\">Peinture int\u00e9rieur pr\u00e8s de Grasse<\/a><\/li><li class=\"elementor-sitemap-item elementor-sitemap-item-page page_item page-item-1082\"><a href=\"https:\/\/recobat06.fr\/fr\/peinture-interieur-pres-de-frejus\/\">Peinture int\u00e9rieur pr\u00e8s de Fr\u00e9jus<\/a><\/li><li class=\"elementor-sitemap-item elementor-sitemap-item-page page_item page-item-1081\"><a href=\"https:\/\/recobat06.fr\/fr\/peinture-interieur-pres-de-sainte-maxime\/\">Peinture int\u00e9rieur pr\u00e8s de Sainte-Maxime<\/a><\/li><li class=\"elementor-sitemap-item elementor-sitemap-item-page page_item page-item-1080\"><a href=\"https:\/\/recobat06.fr\/fr\/peinture-interieur-pres-de-mougins\/\">Peinture int\u00e9rieur pr\u00e8s de Mougins<\/a><\/li><li class=\"elementor-sitemap-item elementor-sitemap-item-page page_item page-item-1079\"><a href=\"https:\/\/recobat06.fr\/fr\/peinture-interieur-pres-de-biot\/\">Peinture int\u00e9rieur pr\u00e8s de Biot<\/a><\/li><li class=\"elementor-sitemap-item elementor-sitemap-item-page page_item page-item-1078\"><a href=\"https:\/\/recobat06.fr\/fr\/peinture-interieur-pres-de-menton\/\">Peinture int\u00e9rieur pr\u00e8s de Menton<\/a><\/li><li class=\"elementor-sitemap-item elementor-sitemap-item-page page_item page-item-1077\"><a href=\"https:\/\/recobat06.fr\/fr\/peinture-interieur-pres-de-nice\/\">Peinture int\u00e9rieur pr\u00e8s de Nice<\/a><\/li><li class=\"elementor-sitemap-item elementor-sitemap-item-page page_item page-item-1076\"><a href=\"https:\/\/recobat06.fr\/fr\/peinture-interieur-pres-de-saint-laurent-du-var\/\">Peinture int\u00e9rieur pr\u00e8s de Saint-Laurent-du-Var<\/a><\/li><li class=\"elementor-sitemap-item elementor-sitemap-item-page page_item page-item-1075\"><a href=\"https:\/\/recobat06.fr\/fr\/peinture-interieur-pres-de-villeneuve-loubet\/\">Peinture int\u00e9rieur pr\u00e8s de Villeneuve-Loubet<\/a><\/li><li class=\"elementor-sitemap-item elementor-sitemap-item-page page_item page-item-1074\"><a href=\"https:\/\/recobat06.fr\/fr\/peinture-interieur-pres-de-antibes\/\">Peinture int\u00e9rieur pr\u00e8s de Antibes<\/a><\/li><li class=\"elementor-sitemap-item elementor-sitemap-item-page page_item page-item-1073\"><a href=\"https:\/\/recobat06.fr\/fr\/isolation-thermique-par-lexterieur-pres-de-grasse\/\">Isolation thermique par l&rsquo;ext\u00e9rieur pr\u00e8s de Grasse<\/a><\/li><li class=\"elementor-sitemap-item elementor-sitemap-item-page page_item page-item-1072\"><a href=\"https:\/\/recobat06.fr\/fr\/isolation-thermique-par-lexterieur-pres-de-frejus\/\">Isolation thermique par l&rsquo;ext\u00e9rieur pr\u00e8s de Fr\u00e9jus<\/a><\/li><li class=\"elementor-sitemap-item elementor-sitemap-item-page page_item page-item-1071\"><a href=\"https:\/\/recobat06.fr\/fr\/isolation-thermique-par-lexterieur-pres-de-sainte-maxime\/\">Isolation thermique par l&rsquo;ext\u00e9rieur pr\u00e8s de Sainte-Maxime<\/a><\/li><li class=\"elementor-sitemap-item elementor-sitemap-item-page page_item page-item-1070\"><a href=\"https:\/\/recobat06.fr\/fr\/isolation-thermique-par-lexterieur-pres-de-mougins\/\">Isolation thermique par l&rsquo;ext\u00e9rieur pr\u00e8s de Mougins<\/a><\/li><li class=\"elementor-sitemap-item elementor-sitemap-item-page page_item page-item-1069\"><a href=\"https:\/\/recobat06.fr\/fr\/isolation-thermique-par-lexterieur-pres-de-biot\/\">Isolation thermique par l&rsquo;ext\u00e9rieur pr\u00e8s de Biot<\/a><\/li><li class=\"elementor-sitemap-item elementor-sitemap-item-page page_item page-item-1068\"><a href=\"https:\/\/recobat06.fr\/fr\/isolation-thermique-par-lexterieur-pres-de-menton\/\">Isolation thermique par l&rsquo;ext\u00e9rieur pr\u00e8s de Menton<\/a><\/li><li class=\"elementor-sitemap-item elementor-sitemap-item-page page_item page-item-1067\"><a href=\"https:\/\/recobat06.fr\/fr\/isolation-thermique-par-lexterieur-pres-de-nice\/\">Isolation thermique par l&rsquo;ext\u00e9rieur pr\u00e8s de Nice<\/a><\/li><li class=\"elementor-sitemap-item elementor-sitemap-item-page page_item page-item-1066\"><a href=\"https:\/\/recobat06.fr\/fr\/isolation-thermique-par-lexterieur-pres-de-saint-laurent-du-var\/\">Isolation thermique par l&rsquo;ext\u00e9rieur pr\u00e8s de Saint-Laurent-du-Var<\/a><\/li><li class=\"elementor-sitemap-item elementor-sitemap-item-page page_item page-item-1065\"><a href=\"https:\/\/recobat06.fr\/fr\/isolation-thermique-par-lexterieur-pres-de-villeneuve-loubet\/\">Isolation thermique par l&rsquo;ext\u00e9rieur pr\u00e8s de Villeneuve-Loubet<\/a><\/li><li class=\"elementor-sitemap-item elementor-sitemap-item-page page_item page-item-1064\"><a href=\"https:\/\/recobat06.fr\/fr\/isolation-thermique-par-lexterieur-pres-de-antibes\/\">Isolation thermique par l&rsquo;ext\u00e9rieur pr\u00e8s de Antibes<\/a><\/li><li class=\"elementor-sitemap-item elementor-sitemap-item-page page_item page-item-1063\"><a href=\"https:\/\/recobat06.fr\/fr\/ravalement-de-facade-pres-de-grasse\/\">Ravalement de fa\u00e7ade pr\u00e8s de Grasse<\/a><\/li><li class=\"elementor-sitemap-item elementor-sitemap-item-page page_item page-item-1062\"><a href=\"https:\/\/recobat06.fr\/fr\/ravalement-de-facade-pres-de-frejus\/\">Ravalement de fa\u00e7ade pr\u00e8s de Fr\u00e9jus<\/a><\/li><li class=\"elementor-sitemap-item elementor-sitemap-item-page page_item page-item-1061\"><a href=\"https:\/\/recobat06.fr\/fr\/ravalement-de-facade-pres-de-sainte-maxime\/\">Ravalement de fa\u00e7ade pr\u00e8s de Sainte-Maxime<\/a><\/li><li class=\"elementor-sitemap-item elementor-sitemap-item-page page_item page-item-1060\"><a href=\"https:\/\/recobat06.fr\/fr\/ravalement-de-facade-pres-de-mougins\/\">Ravalement de fa\u00e7ade pr\u00e8s de Mougins<\/a><\/li><li class=\"elementor-sitemap-item elementor-sitemap-item-page page_item page-item-1059\"><a href=\"https:\/\/recobat06.fr\/fr\/ravalement-de-facade-pres-de-biot\/\">Ravalement de fa\u00e7ade pr\u00e8s de Biot<\/a><\/li><li class=\"elementor-sitemap-item elementor-sitemap-item-page page_item page-item-1058\"><a href=\"https:\/\/recobat06.fr\/fr\/ravalement-de-facade-pres-de-menton\/\">Ravalement de fa\u00e7ade pr\u00e8s de Menton<\/a><\/li><li class=\"elementor-sitemap-item elementor-sitemap-item-page page_item page-item-1057\"><a href=\"https:\/\/recobat06.fr\/fr\/ravalement-de-facade-pres-de-nice\/\">Ravalement de fa\u00e7ade pr\u00e8s de Nice<\/a><\/li><li class=\"elementor-sitemap-item elementor-sitemap-item-page page_item page-item-1056\"><a href=\"https:\/\/recobat06.fr\/fr\/ravalement-de-facade-pres-de-saint-laurent-du-var\/\">Ravalement de fa\u00e7ade pr\u00e8s de Saint-Laurent-du-Var<\/a><\/li><li class=\"elementor-sitemap-item elementor-sitemap-item-page page_item page-item-1055\"><a href=\"https:\/\/recobat06.fr\/fr\/ravalement-de-facade-pres-de-villeneuve-loubet\/\">Ravalement de fa\u00e7ade pr\u00e8s de Villeneuve-Loubet<\/a><\/li><li class=\"elementor-sitemap-item elementor-sitemap-item-page page_item page-item-1054\"><a href=\"https:\/\/recobat06.fr\/fr\/ravalement-de-facade-pres-de-antibes\/\">Ravalement de fa\u00e7ade pr\u00e8s de Antibes<\/a><\/li><li class=\"elementor-sitemap-item elementor-sitemap-item-page page_item page-item-1053\"><a href=\"https:\/\/recobat06.fr\/fr\/ravalement-pres-de-grasse\/\">Ravalement pr\u00e8s de Grasse<\/a><\/li><li class=\"elementor-sitemap-item elementor-sitemap-item-page page_item page-item-1052\"><a href=\"https:\/\/recobat06.fr\/fr\/ravalement-pres-de-frejus\/\">Ravalement pr\u00e8s de Fr\u00e9jus<\/a><\/li><li class=\"elementor-sitemap-item elementor-sitemap-item-page page_item page-item-1051\"><a href=\"https:\/\/recobat06.fr\/fr\/ravalement-pres-de-sainte-maxime\/\">Ravalement pr\u00e8s de Sainte-Maxime<\/a><\/li><li class=\"elementor-sitemap-item elementor-sitemap-item-page page_item page-item-1050\"><a href=\"https:\/\/recobat06.fr\/fr\/ravalement-pres-de-mougins\/\">Ravalement pr\u00e8s de Mougins<\/a><\/li><li class=\"elementor-sitemap-item elementor-sitemap-item-page page_item page-item-1049\"><a href=\"https:\/\/recobat06.fr\/fr\/ravalement-pres-de-biot\/\">Ravalement pr\u00e8s de Biot<\/a><\/li><li class=\"elementor-sitemap-item elementor-sitemap-item-page page_item page-item-1048\"><a href=\"https:\/\/recobat06.fr\/fr\/ravalement-pres-de-menton\/\">Ravalement pr\u00e8s de Menton<\/a><\/li><li class=\"elementor-sitemap-item elementor-sitemap-item-page page_item page-item-1047\"><a href=\"https:\/\/recobat06.fr\/fr\/ravalement-pres-de-nice\/\">Ravalement pr\u00e8s de Nice<\/a><\/li><li class=\"elementor-sitemap-item elementor-sitemap-item-page page_item page-item-1046\"><a href=\"https:\/\/recobat06.fr\/fr\/ravalement-pres-de-saint-laurent-du-var\/\">Ravalement pr\u00e8s de Saint-Laurent-du-Var<\/a><\/li><li class=\"elementor-sitemap-item elementor-sitemap-item-page page_item page-item-1045\"><a href=\"https:\/\/recobat06.fr\/fr\/ravalement-pres-de-villeneuve-loubet\/\">Ravalement pr\u00e8s de Villeneuve-Loubet<\/a><\/li><li class=\"elementor-sitemap-item elementor-sitemap-item-page page_item page-item-1044\"><a href=\"https:\/\/recobat06.fr\/fr\/ravalement-pres-de-antibes\/\">Ravalement pr\u00e8s de Antibes<\/a><\/li><li class=\"elementor-sitemap-item elementor-sitemap-item-page page_item page-item-94\"><a href=\"https:\/\/recobat06.fr\/fr\/photos\/\">Photos<\/a><\/li><li class=\"elementor-sitemap-item elementor-sitemap-item-page page_item page-item-92\"><a href=\"https:\/\/recobat06.fr\/fr\/tce-tous-corps-detat\/\">TCE (Tous corps d&rsquo;\u00e9tat)<\/a><\/li><li class=\"elementor-sitemap-item elementor-sitemap-item-page page_item page-item-90\"><a href=\"https:\/\/recobat06.fr\/fr\/enduit-a-la-chaux\/\">Enduit \u00e0 la Chaux<\/a><\/li><li class=\"elementor-sitemap-item elementor-sitemap-item-page page_item page-item-88\"><a href=\"https:\/\/recobat06.fr\/fr\/ite\/\">ITE<\/a><\/li><li class=\"elementor-sitemap-item elementor-sitemap-item-page page_item page-item-79\"><a href=\"https:\/\/recobat06.fr\/fr\/contact\/\">Contact<\/a><\/li><li class=\"elementor-sitemap-item elementor-sitemap-item-page page_item page-item-76\"><a href=\"https:\/\/recobat06.fr\/fr\/ravalement\/\">Ravalement<\/a><\/li><li class=\"elementor-sitemap-item elementor-sitemap-item-page page_item page-item-5\"><a href=\"https:\/\/recobat06.fr\/fr\/mentions-legales\/\">Mentions l\u00e9gales<\/a><\/li><li class=\"elementor-sitemap-item elementor-sitemap-item-page page_item page-item-3\"><a href=\"https:\/\/recobat06.fr\/fr\/politique-de-confidentialite\/\">Politique de confidentialit\u00e9<\/a><\/li><li class=\"elementor-sitemap-item elementor-sitemap-item-page page_item page-item-2\"><a href=\"https:\/\/recobat06.fr\/fr\/\">Accueil<\/a><\/li><\/ul><\/div><\/div>\t\t\t\t<\/div>\n\t\t\t\t<\/div>\n\t\t\t\t\t<\/div>\n\t\t\t\t<\/div>\n\t\t\t\t<\/div>\n\t\t","protected":false},"excerpt":{"rendered":"<p>Plan de site<\/p>\n","protected":false},"author":2,"featured_media":0,"parent":0,"menu_order":0,"comment_status":"closed","ping_status":"closed","template":"","meta":{"footnotes":""},"class_list":["post-1144","page","type-page","status-publish","hentry"],"_links":{"self":[{"href":"https:\/\/recobat06.fr\/fr\/wp-json\/wp\/v2\/pages\/1144","targetHints":{"allow":["GET"]}}],"collection":[{"href":"https:\/\/recobat06.fr\/fr\/wp-json\/wp\/v2\/pages"}],"about":[{"href":"https:\/\/recobat06.fr\/fr\/wp-json\/wp\/v2\/types\/page"}],"author":[{"embeddable":true,"href":"https:\/\/recobat06.fr\/fr\/wp-json\/wp\/v2\/users\/2"}],"replies":[{"embeddable":true,"href":"https:\/\/recobat06.fr\/fr\/wp-json\/wp\/v2\/comments?post=1144"}],"version-history":[{"count":4,"href":"https:\/\/recobat06.fr\/fr\/wp-json\/wp\/v2\/pages\/1144\/revisions"}],"predecessor-version":[{"id":1151,"href":"https:\/\/recobat06.fr\/fr\/wp-json\/wp\/v2\/pages\/1144\/revisions\/1151"}],"wp:attachment":[{"href":"https:\/\/recobat06.fr\/fr\/wp-json\/wp\/v2\/media?parent=1144"}],"curies":[{"name":"wp","href":"https:\/\/api.w.org\/{rel}","templated":true}]}}